{"id":93,"date":"2014-02-07T16:44:59","date_gmt":"2014-02-07T16:44:59","guid":{"rendered":"http:\/\/www.easyhomes.it\/?page_id=93"},"modified":"2015-01-26T20:57:13","modified_gmt":"2015-01-26T20:57:13","slug":"home","status":"publish","type":"page","link":"https:\/\/www.easyhomes.it\/it\/","title":{"rendered":"Home"},"content":{"rendered":"<div>\n<p>&nbsp;<\/p>\n<p><b>easyhomes <\/b>\u00e8 la soluzione per chi, per business o per vacanza, decide di affittare per brevi periodi un appartamento a Milano. Tutte le proposte abitative <b>easyhomes<\/b> garantiscono ai propri ospiti soggiorni confortevoli in contesti di charme.<b> <\/b><\/p>\n<p>Gli appartamenti, dislocati nelle zone strategiche e pi\u00f9 vivaci della citt\u00e0 come la Fiera, il Quadrilatero della Moda, Citt\u00e0 Studi, il Centro Direzionale, sono disponibili per locazioni di pochi giorni, settimanali e mensili.<\/p>\n<p>Varie le tipologie e le metrature proposte, per offrire a ogni ospite spazi e ambienti \u201csu misura\u201d, che vanno dal monolocale agli appartamenti di pi\u00f9 camere.<\/p>\n<p>Arredati con gusto e dotati di tutti i comfort, gli appartamenti <b>easyhomes<\/b> coniugano il piacere di un soggiorno elegante con la convenienza economica rispetto alla soluzione alberghiera.<\/p>\n<p>Scegliere gli appartamenti <b>easyhomes<\/b> significa dormire a Milano come a casa, vivere la citt\u00e0 come fosse la propria.<\/p>\n<p>In attesa che l\u2019Expo, evento tra gli eventi, animi la citt\u00e0.<\/p>\n<\/div>\n","protected":false},"excerpt":{"rendered":"<p>&nbsp; easyhomes \u00e8 la soluzione per chi, per business o per vacanza, decide di affittare per brevi periodi [&hellip;]<\/p>\n","protected":false},"author":3,"featured_media":0,"parent":0,"menu_order":0,"comment_status":"closed","ping_status":"closed","template":"page-home.php","meta":[],"_links":{"self":[{"href":"https:\/\/www.easyhomes.it\/it\/wp-json\/wp\/v2\/pages\/93"}],"collection":[{"href":"https:\/\/www.easyhomes.it\/it\/wp-json\/wp\/v2\/pages"}],"about":[{"href":"https:\/\/www.easyhomes.it\/it\/wp-json\/wp\/v2\/types\/page"}],"author":[{"embeddable":true,"href":"https:\/\/www.easyhomes.it\/it\/wp-json\/wp\/v2\/users\/3"}],"replies":[{"embeddable":true,"href":"https:\/\/www.easyhomes.it\/it\/wp-json\/wp\/v2\/comments?post=93"}],"version-history":[{"count":13,"href":"https:\/\/www.easyhomes.it\/it\/wp-json\/wp\/v2\/pages\/93\/revisions"}],"predecessor-version":[{"id":1342,"href":"https:\/\/www.easyhomes.it\/it\/wp-json\/wp\/v2\/pages\/93\/revisions\/1342"}],"wp:attachment":[{"href":"https:\/\/www.easyhomes.it\/it\/wp-json\/wp\/v2\/media?parent=93"}],"curies":[{"name":"wp","href":"https:\/\/api.w.org\/{rel}","templated":true}]}}